{"id":26599,"date":"2025-09-07T15:30:25","date_gmt":"2025-09-07T13:30:25","guid":{"rendered":"https:\/\/pirates-of-paradise.com\/shop\/uncategorized\/sicily-1-2\/"},"modified":"2026-04-10T10:13:55","modified_gmt":"2026-04-10T08:13:55","slug":"sicily-1","status":"publish","type":"product","link":"https:\/\/pirates-of-paradise.com\/de\/shop\/trip\/2026\/sicily-1\/","title":{"rendered":"Sicily 1"},"content":{"rendered":"<p>Sp\u00fcr den Sand unter deinen F\u00fc\u00dfen.<\/p>\n<p>Barfu\u00df am Strand. Sanfte Wellen pl\u00e4tschern an der K\u00fcste. V\u00f6gel aller Art singen um dich herum. Du riechst die mediterranen Blumen und Gr\u00e4ser. Eine leichte Brise streift deine Haut, und pl\u00f6tzlich liegt ein schwacher Schwefelgeruch in der Luft.    <\/p>\n<p>Mach die Augen auf. Vor dir erhebt sich der Stromboli mit seinem rauchenden Vulkankrater. Der Sand unter deinen F\u00fc\u00dfen ist pechschwarz. Du drehst dich um. Hinter dir schaukelt unser Segelboot sanft in der Bucht. Am Horizont warten unz\u00e4hlige kleine Inseln. Willkommen zu unserem Sizilien-Trip zu den \u00c4olischen Inseln.      <\/p>\n<p>Wir segeln zwischen Vulkaninseln und legen jeden Tag in einer abgelegenen, idyllischen Bucht an. Wir k\u00fchlen uns im kristallklaren Mittelmeer ab, schaukeln in der H\u00e4ngematte an Deck und schlafen unter den Sternen, w\u00e4hrend wir uns von der italienischen Atmosph\u00e4re leiten lassen. Wir schlendern durch kleine Hafend\u00f6rfer, wandern auf den Stromboli, machen einen Trip auf Vulcano und genie\u00dfen den Moment in vollen Z\u00fcgen.  <\/p>\n<p>Komm an Bord, nimm Platz und st\u00fcrz dich ins Abenteuer!<\/p>\n","protected":false},"excerpt":{"rendered":"<p>Sp\u00fcr den Sand unter deinen F\u00fc\u00dfen. Barfu\u00df am Strand. Sanfte Wellen pl\u00e4tschern an der K\u00fcste. V\u00f6gel aller Art singen um dich herum. Du riechst die mediterranen Blumen und Gr\u00e4ser. Eine leichte Brise streift deine Haut, und pl\u00f6tzlich liegt ein schwacher Schwefelgeruch in der Luft. Mach die Augen auf. Vor dir erhebt sich der Stromboli mit [&hellip;]<\/p>\n","protected":false},"author":1,"featured_media":26573,"template":"","meta":{"_acf_changed":false,"inline_featured_image":false},"activity":[313,306,305,170,168,167,166,165],"airport":[347,345],"destination":[159],"highlight":[397,388,373],"route":[342],"product_brand":[],"product_cat":[241,153],"product_tag":[177],"class_list":{"0":"post-26599","1":"product","2":"type-product","3":"status-publish","4":"has-post-thumbnail","6":"activity-sternegucken","7":"activity-schwarze-sandstraende","8":"activity-schwimmen-biolumineszenz","9":"activity-vulkan-touren","10":"activity-roadtrips","11":"activity-inselhopping","12":"activity-wandern","13":"activity-tauchen","14":"airport-palermo-falcone-borsellino-airport-pmo","15":"airport-catania-fontanarossa-airport-cta","16":"destination-italien","17":"highlight-visiting-active-volcanoes","18":"highlight-scooter-buggy-road-trip","19":"highlight-island-hopping-black-sand-beaches","20":"route-vulcano-route","21":"product_cat-241","22":"product_cat-trip","23":"product_tag-most-loved","25":"first","26":"instock","27":"virtual","28":"taxable","29":"purchasable","30":"product-type-simple"},"acf":[],"yoast_head":"<!-- This site is optimized with the Yoast SEO plugin v27.4 - https:\/\/yoast.com\/product\/yoast-seo-wordpress\/ -->\n<title>Segeltrip Sicily 1 - Pirates of Paradise<\/title>\n<meta name=\"description\" content=\"Komm mit auf unseren Segel-Trip durch Sizilien und entdecke die \u00c4olischen Inseln, vulkanische Landschaften, versteckte Buchten und charmante D\u00f6rfer\" \/>\n<meta name=\"robots\" content=\"index, follow, max-snippet:-1, max-image-preview:large, max-video-preview:-1\" \/>\n<link rel=\"canonical\" href=\"https:\/\/pirates-of-paradise.com\/de\/shop\/trip\/2026\/sicily-1\/\" \/>\n<meta property=\"og:locale\" content=\"de_DE\" \/>\n<meta property=\"og:type\" content=\"article\" \/>\n<meta property=\"og:title\" content=\"Segeltrip Sicily 1 - Pirates of Paradise\" \/>\n<meta property=\"og:description\" content=\"Komm mit auf unseren Segel-Trip durch Sizilien und entdecke die \u00c4olischen Inseln, vulkanische Landschaften, versteckte Buchten und charmante D\u00f6rfer\" \/>\n<meta property=\"og:url\" content=\"https:\/\/pirates-of-paradise.com\/de\/shop\/trip\/2026\/sicily-1\/\" \/>\n<meta property=\"og:site_name\" content=\"Pirates of Paradise\" \/>\n<meta property=\"article:modified_time\" content=\"2026-04-10T08:13:55+00:00\" \/>\n<meta property=\"og:image\" content=\"https:\/\/pirates-of-paradise.com\/wp-content\/uploads\/2025\/09\/pop-Junala_-Italien-2022-0970-Laura-Hoffmann.webp\" \/>\n\t<meta property=\"og:image:width\" content=\"1500\" \/>\n\t<meta property=\"og:image:height\" content=\"1000\" \/>\n\t<meta property=\"og:image:type\" content=\"image\/webp\" \/>\n<meta name=\"twitter:card\" content=\"summary_large_image\" \/>\n<meta name=\"twitter:label1\" content=\"Gesch\u00e4tzte Lesezeit\" \/>\n\t<meta name=\"twitter:data1\" content=\"1\u00a0Minute\" \/>\n<script type=\"application\/ld+json\" class=\"yoast-schema-graph\">{\"@context\":\"https:\\\/\\\/schema.org\",\"@graph\":[{\"@type\":\"WebPage\",\"@id\":\"https:\\\/\\\/pirates-of-paradise.com\\\/de\\\/shop\\\/trip\\\/2026\\\/sicily-1\\\/\",\"url\":\"https:\\\/\\\/pirates-of-paradise.com\\\/de\\\/shop\\\/trip\\\/2026\\\/sicily-1\\\/\",\"name\":\"Segeltrip Sicily 1 - Pirates of Paradise\",\"isPartOf\":{\"@id\":\"https:\\\/\\\/pirates-of-paradise.com\\\/de\\\/#website\"},\"primaryImageOfPage\":{\"@id\":\"https:\\\/\\\/pirates-of-paradise.com\\\/de\\\/shop\\\/trip\\\/2026\\\/sicily-1\\\/#primaryimage\"},\"image\":{\"@id\":\"https:\\\/\\\/pirates-of-paradise.com\\\/de\\\/shop\\\/trip\\\/2026\\\/sicily-1\\\/#primaryimage\"},\"thumbnailUrl\":\"https:\\\/\\\/pirates-of-paradise.com\\\/wp-content\\\/uploads\\\/2025\\\/09\\\/pop-Junala_-Italien-2022-0970-Laura-Hoffmann.webp\",\"datePublished\":\"2025-09-07T13:30:25+00:00\",\"dateModified\":\"2026-04-10T08:13:55+00:00\",\"description\":\"Komm mit auf unseren Segel-Trip durch Sizilien und entdecke die \u00c4olischen Inseln, vulkanische Landschaften, versteckte Buchten und charmante D\u00f6rfer\",\"breadcrumb\":{\"@id\":\"https:\\\/\\\/pirates-of-paradise.com\\\/de\\\/shop\\\/trip\\\/2026\\\/sicily-1\\\/#breadcrumb\"},\"inLanguage\":\"de\",\"potentialAction\":[{\"@type\":\"ReadAction\",\"target\":[\"https:\\\/\\\/pirates-of-paradise.com\\\/de\\\/shop\\\/trip\\\/2026\\\/sicily-1\\\/\"]}]},{\"@type\":\"ImageObject\",\"inLanguage\":\"de\",\"@id\":\"https:\\\/\\\/pirates-of-paradise.com\\\/de\\\/shop\\\/trip\\\/2026\\\/sicily-1\\\/#primaryimage\",\"url\":\"https:\\\/\\\/pirates-of-paradise.com\\\/wp-content\\\/uploads\\\/2025\\\/09\\\/pop-Junala_-Italien-2022-0970-Laura-Hoffmann.webp\",\"contentUrl\":\"https:\\\/\\\/pirates-of-paradise.com\\\/wp-content\\\/uploads\\\/2025\\\/09\\\/pop-Junala_-Italien-2022-0970-Laura-Hoffmann.webp\",\"width\":1500,\"height\":1000},{\"@type\":\"BreadcrumbList\",\"@id\":\"https:\\\/\\\/pirates-of-paradise.com\\\/de\\\/shop\\\/trip\\\/2026\\\/sicily-1\\\/#breadcrumb\",\"itemListElement\":[{\"@type\":\"ListItem\",\"position\":1,\"name\":\"Home\",\"item\":\"https:\\\/\\\/pirates-of-paradise.com\\\/de\\\/\"},{\"@type\":\"ListItem\",\"position\":2,\"name\":\"Segeltrips\",\"item\":\"https:\\\/\\\/pirates-of-paradise.com\\\/de\\\/trips\\\/\"},{\"@type\":\"ListItem\",\"position\":3,\"name\":\"Sicily 1\"}]},{\"@type\":\"WebSite\",\"@id\":\"https:\\\/\\\/pirates-of-paradise.com\\\/de\\\/#website\",\"url\":\"https:\\\/\\\/pirates-of-paradise.com\\\/de\\\/\",\"name\":\"Pirates of Paradise\",\"description\":\"Small and familiar Sailing Trips\",\"publisher\":{\"@id\":\"https:\\\/\\\/pirates-of-paradise.com\\\/de\\\/#organization\"},\"alternateName\":\"pirates-of-paradise.com\",\"potentialAction\":[{\"@type\":\"SearchAction\",\"target\":{\"@type\":\"EntryPoint\",\"urlTemplate\":\"https:\\\/\\\/pirates-of-paradise.com\\\/de\\\/?s={search_term_string}\"},\"query-input\":{\"@type\":\"PropertyValueSpecification\",\"valueRequired\":true,\"valueName\":\"search_term_string\"}}],\"inLanguage\":\"de\"},{\"@type\":\"Organization\",\"@id\":\"https:\\\/\\\/pirates-of-paradise.com\\\/de\\\/#organization\",\"name\":\"Pirates of Paradise\",\"alternateName\":\"PoP\",\"url\":\"https:\\\/\\\/pirates-of-paradise.com\\\/de\\\/\",\"logo\":{\"@type\":\"ImageObject\",\"inLanguage\":\"de\",\"@id\":\"https:\\\/\\\/pirates-of-paradise.com\\\/de\\\/#\\\/schema\\\/logo\\\/image\\\/\",\"url\":\"https:\\\/\\\/pirates-of-paradise.com\\\/wp-content\\\/uploads\\\/2024\\\/08\\\/PoP-Favicon-1.png\",\"contentUrl\":\"https:\\\/\\\/pirates-of-paradise.com\\\/wp-content\\\/uploads\\\/2024\\\/08\\\/PoP-Favicon-1.png\",\"width\":512,\"height\":512,\"caption\":\"Pirates of Paradise\"},\"image\":{\"@id\":\"https:\\\/\\\/pirates-of-paradise.com\\\/de\\\/#\\\/schema\\\/logo\\\/image\\\/\"},\"sameAs\":[\"https:\\\/\\\/www.instagram.com\\\/piratesofparadise\\\/\",\"https:\\\/\\\/www.tiktok.com\\\/@piratesofparadise\"]}]}<\/script>\n<!-- \/ Yoast SEO plugin. -->","yoast_head_json":{"title":"Segeltrip Sicily 1 - Pirates of Paradise","description":"Komm mit auf unseren Segel-Trip durch Sizilien und entdecke die \u00c4olischen Inseln, vulkanische Landschaften, versteckte Buchten und charmante D\u00f6rfer","robots":{"index":"index","follow":"follow","max-snippet":"max-snippet:-1","max-image-preview":"max-image-preview:large","max-video-preview":"max-video-preview:-1"},"canonical":"https:\/\/pirates-of-paradise.com\/de\/shop\/trip\/2026\/sicily-1\/","og_locale":"de_DE","og_type":"article","og_title":"Segeltrip Sicily 1 - Pirates of Paradise","og_description":"Komm mit auf unseren Segel-Trip durch Sizilien und entdecke die \u00c4olischen Inseln, vulkanische Landschaften, versteckte Buchten und charmante D\u00f6rfer","og_url":"https:\/\/pirates-of-paradise.com\/de\/shop\/trip\/2026\/sicily-1\/","og_site_name":"Pirates of Paradise","article_modified_time":"2026-04-10T08:13:55+00:00","og_image":[{"width":1500,"height":1000,"url":"https:\/\/pirates-of-paradise.com\/wp-content\/uploads\/2025\/09\/pop-Junala_-Italien-2022-0970-Laura-Hoffmann.webp","type":"image\/webp"}],"twitter_card":"summary_large_image","twitter_misc":{"Gesch\u00e4tzte Lesezeit":"1\u00a0Minute"},"schema":{"@context":"https:\/\/schema.org","@graph":[{"@type":"WebPage","@id":"https:\/\/pirates-of-paradise.com\/de\/shop\/trip\/2026\/sicily-1\/","url":"https:\/\/pirates-of-paradise.com\/de\/shop\/trip\/2026\/sicily-1\/","name":"Segeltrip Sicily 1 - Pirates of Paradise","isPartOf":{"@id":"https:\/\/pirates-of-paradise.com\/de\/#website"},"primaryImageOfPage":{"@id":"https:\/\/pirates-of-paradise.com\/de\/shop\/trip\/2026\/sicily-1\/#primaryimage"},"image":{"@id":"https:\/\/pirates-of-paradise.com\/de\/shop\/trip\/2026\/sicily-1\/#primaryimage"},"thumbnailUrl":"https:\/\/pirates-of-paradise.com\/wp-content\/uploads\/2025\/09\/pop-Junala_-Italien-2022-0970-Laura-Hoffmann.webp","datePublished":"2025-09-07T13:30:25+00:00","dateModified":"2026-04-10T08:13:55+00:00","description":"Komm mit auf unseren Segel-Trip durch Sizilien und entdecke die \u00c4olischen Inseln, vulkanische Landschaften, versteckte Buchten und charmante D\u00f6rfer","breadcrumb":{"@id":"https:\/\/pirates-of-paradise.com\/de\/shop\/trip\/2026\/sicily-1\/#breadcrumb"},"inLanguage":"de","potentialAction":[{"@type":"ReadAction","target":["https:\/\/pirates-of-paradise.com\/de\/shop\/trip\/2026\/sicily-1\/"]}]},{"@type":"ImageObject","inLanguage":"de","@id":"https:\/\/pirates-of-paradise.com\/de\/shop\/trip\/2026\/sicily-1\/#primaryimage","url":"https:\/\/pirates-of-paradise.com\/wp-content\/uploads\/2025\/09\/pop-Junala_-Italien-2022-0970-Laura-Hoffmann.webp","contentUrl":"https:\/\/pirates-of-paradise.com\/wp-content\/uploads\/2025\/09\/pop-Junala_-Italien-2022-0970-Laura-Hoffmann.webp","width":1500,"height":1000},{"@type":"BreadcrumbList","@id":"https:\/\/pirates-of-paradise.com\/de\/shop\/trip\/2026\/sicily-1\/#breadcrumb","itemListElement":[{"@type":"ListItem","position":1,"name":"Home","item":"https:\/\/pirates-of-paradise.com\/de\/"},{"@type":"ListItem","position":2,"name":"Segeltrips","item":"https:\/\/pirates-of-paradise.com\/de\/trips\/"},{"@type":"ListItem","position":3,"name":"Sicily 1"}]},{"@type":"WebSite","@id":"https:\/\/pirates-of-paradise.com\/de\/#website","url":"https:\/\/pirates-of-paradise.com\/de\/","name":"Pirates of Paradise","description":"Small and familiar Sailing Trips","publisher":{"@id":"https:\/\/pirates-of-paradise.com\/de\/#organization"},"alternateName":"pirates-of-paradise.com","potentialAction":[{"@type":"SearchAction","target":{"@type":"EntryPoint","urlTemplate":"https:\/\/pirates-of-paradise.com\/de\/?s={search_term_string}"},"query-input":{"@type":"PropertyValueSpecification","valueRequired":true,"valueName":"search_term_string"}}],"inLanguage":"de"},{"@type":"Organization","@id":"https:\/\/pirates-of-paradise.com\/de\/#organization","name":"Pirates of Paradise","alternateName":"PoP","url":"https:\/\/pirates-of-paradise.com\/de\/","logo":{"@type":"ImageObject","inLanguage":"de","@id":"https:\/\/pirates-of-paradise.com\/de\/#\/schema\/logo\/image\/","url":"https:\/\/pirates-of-paradise.com\/wp-content\/uploads\/2024\/08\/PoP-Favicon-1.png","contentUrl":"https:\/\/pirates-of-paradise.com\/wp-content\/uploads\/2024\/08\/PoP-Favicon-1.png","width":512,"height":512,"caption":"Pirates of Paradise"},"image":{"@id":"https:\/\/pirates-of-paradise.com\/de\/#\/schema\/logo\/image\/"},"sameAs":["https:\/\/www.instagram.com\/piratesofparadise\/","https:\/\/www.tiktok.com\/@piratesofparadise"]}]}},"_links":{"self":[{"href":"https:\/\/pirates-of-paradise.com\/de\/wp-json\/wp\/v2\/product\/26599","targetHints":{"allow":["GET"]}}],"collection":[{"href":"https:\/\/pirates-of-paradise.com\/de\/wp-json\/wp\/v2\/product"}],"about":[{"href":"https:\/\/pirates-of-paradise.com\/de\/wp-json\/wp\/v2\/types\/product"}],"author":[{"embeddable":true,"href":"https:\/\/pirates-of-paradise.com\/de\/wp-json\/wp\/v2\/users\/1"}],"version-history":[{"count":1,"href":"https:\/\/pirates-of-paradise.com\/de\/wp-json\/wp\/v2\/product\/26599\/revisions"}],"predecessor-version":[{"id":28654,"href":"https:\/\/pirates-of-paradise.com\/de\/wp-json\/wp\/v2\/product\/26599\/revisions\/28654"}],"wp:featuredmedia":[{"embeddable":true,"href":"https:\/\/pirates-of-paradise.com\/de\/wp-json\/wp\/v2\/media\/26573"}],"wp:attachment":[{"href":"https:\/\/pirates-of-paradise.com\/de\/wp-json\/wp\/v2\/media?parent=26599"}],"wp:term":[{"taxonomy":"activity","embeddable":true,"href":"https:\/\/pirates-of-paradise.com\/de\/wp-json\/wp\/v2\/activity?post=26599"},{"taxonomy":"airport","embeddable":true,"href":"https:\/\/pirates-of-paradise.com\/de\/wp-json\/wp\/v2\/airport?post=26599"},{"taxonomy":"destination","embeddable":true,"href":"https:\/\/pirates-of-paradise.com\/de\/wp-json\/wp\/v2\/destination?post=26599"},{"taxonomy":"highlight","embeddable":true,"href":"https:\/\/pirates-of-paradise.com\/de\/wp-json\/wp\/v2\/highlight?post=26599"},{"taxonomy":"route","embeddable":true,"href":"https:\/\/pirates-of-paradise.com\/de\/wp-json\/wp\/v2\/route?post=26599"},{"taxonomy":"product_brand","embeddable":true,"href":"https:\/\/pirates-of-paradise.com\/de\/wp-json\/wp\/v2\/product_brand?post=26599"},{"taxonomy":"product_cat","embeddable":true,"href":"https:\/\/pirates-of-paradise.com\/de\/wp-json\/wp\/v2\/product_cat?post=26599"},{"taxonomy":"product_tag","embeddable":true,"href":"https:\/\/pirates-of-paradise.com\/de\/wp-json\/wp\/v2\/product_tag?post=26599"}],"curies":[{"name":"wp","href":"https:\/\/api.w.org\/{rel}","templated":true}]}}