{"id":26508,"date":"2025-08-26T19:54:06","date_gmt":"2025-08-26T17:54:06","guid":{"rendered":"https:\/\/pirates-of-paradise.com\/shop\/unkategorisiert\/sail-learn-1\/"},"modified":"2026-04-10T10:14:50","modified_gmt":"2026-04-10T08:14:50","slug":"sail-learn-1","status":"publish","type":"product","link":"https:\/\/pirates-of-paradise.com\/de\/shop\/trip\/2026\/sail-learn-1\/","title":{"rendered":"Sail &amp; Learn 1"},"content":{"rendered":"<p>Wegen der gro\u00dfen Nachfrage haben wir letztes Jahr eine neue Art von Trip gestartet: Sail &amp; Learn.<\/p>\n<p>Diese Reisen sind super f\u00fcr alle, die gerne segeln oder es lernen wollen.<\/p>\n<p>Nur eins steht fest: der Start- und Zielhafen. Wie wir da hinkommen? Das h\u00e4ngt vom Wind und Wetter ab. Anders als bei unseren regul\u00e4ren Trips geht&#8217;s bei Transfers mehr ums Segeln selbst und weniger um eine feste Route oder entspanntes Bay-Hopping. Von Nachtfahrten bis zu ruhigen Ankerpl\u00e4tzen kann alles passieren.    <\/p>\n<p>Es ist echtes Vagabundenleben auf See, genau wie bei denen, die das ganze Jahr \u00fcber auf ihren Segelbooten leben. Und weil wir auf diesen Trips mehr Kilometer zur\u00fccklegen, sind sie auch super, um die erforderlichen Kilometer f\u00fcr deinen Segelschein zu sammeln. Klingt das interessant?  <\/p>\n","protected":false},"excerpt":{"rendered":"<p>Wegen der gro\u00dfen Nachfrage haben wir letztes Jahr eine neue Art von Trip gestartet: Sail &amp; Learn. Diese Reisen sind super f\u00fcr alle, die gerne segeln oder es lernen wollen. Nur eins steht fest: der Start- und Zielhafen. Wie wir da hinkommen? Das h\u00e4ngt vom Wind und Wetter ab. Anders als bei unseren regul\u00e4ren Trips [&hellip;]<\/p>\n","protected":false},"author":1,"featured_media":26232,"template":"","meta":{"_acf_changed":false,"_angie_page":false,"inline_featured_image":false},"activity":[310,313,312],"airport":[348,185],"destination":[162],"highlight":[389,380,375],"route":[319],"product_brand":[],"product_cat":[241,153],"product_tag":[356,179,178],"class_list":{"0":"post-26508","1":"product","2":"type-product","3":"status-publish","4":"has-post-thumbnail","6":"activity-segeln-lernen","7":"activity-sternegucken","8":"activity-offene-seeueberfahrten","9":"airport-malaga-costa-del-sol-airport-agp","10":"airport-ibiza-airport-ibz-de","11":"destination-spanien","12":"highlight-set-sail-with-a-small-crew","13":"highlight-night-sails-guaranteed","14":"highlight-log-your-miles-get-your-sea-miles-confirmation","15":"route-alboran-sea-route","16":"product_cat-241","17":"product_cat-trip","18":"product_tag-transfer","19":"product_tag-new","20":"product_tag-sail-learn","22":"first","23":"outofstock","24":"virtual","25":"taxable","26":"purchasable","27":"product-type-simple"},"acf":[],"yoast_head":"<!-- This site is optimized with the Yoast SEO plugin v27.5 - https:\/\/yoast.com\/product\/yoast-seo-wordpress\/ -->\n<title>Segeltrip Sail &amp; Learn 1 - Pirates of Paradise<\/title>\n<meta name=\"description\" content=\"Erlebe Segelreisen und lerne das Segeln mit Pirates of Paradise. Wir legen Wert auf echtes Segeln, offene Strecken, flexible Routen und praktisches Lernen auf See.\" \/>\n<meta name=\"robots\" content=\"index, follow, max-snippet:-1, max-image-preview:large, max-video-preview:-1\" \/>\n<link rel=\"canonical\" href=\"https:\/\/pirates-of-paradise.com\/de\/shop\/trip\/2026\/sail-learn-1\/\" \/>\n<meta property=\"og:locale\" content=\"de_DE\" \/>\n<meta property=\"og:type\" content=\"article\" \/>\n<meta property=\"og:title\" content=\"Segeltrip Sail &amp; Learn 1 - Pirates of Paradise\" \/>\n<meta property=\"og:description\" content=\"Erlebe Segelreisen und lerne das Segeln mit Pirates of Paradise. Wir legen Wert auf echtes Segeln, offene Strecken, flexible Routen und praktisches Lernen auf See.\" \/>\n<meta property=\"og:url\" content=\"https:\/\/pirates-of-paradise.com\/de\/shop\/trip\/2026\/sail-learn-1\/\" \/>\n<meta property=\"og:site_name\" content=\"Pirates of Paradise\" \/>\n<meta property=\"article:modified_time\" content=\"2026-04-10T08:14:50+00:00\" \/>\n<meta property=\"og:image\" content=\"https:\/\/pirates-of-paradise.com\/wp-content\/uploads\/2025\/08\/TIH4185-1.webp\" \/>\n\t<meta property=\"og:image:width\" content=\"1500\" \/>\n\t<meta property=\"og:image:height\" content=\"1000\" \/>\n\t<meta property=\"og:image:type\" content=\"image\/webp\" \/>\n<meta name=\"twitter:card\" content=\"summary_large_image\" \/>\n<meta name=\"twitter:label1\" content=\"Gesch\u00e4tzte Lesezeit\" \/>\n\t<meta name=\"twitter:data1\" content=\"1\u00a0Minute\" \/>\n<script type=\"application\/ld+json\" class=\"yoast-schema-graph\">{\"@context\":\"https:\\\/\\\/schema.org\",\"@graph\":[{\"@type\":\"WebPage\",\"@id\":\"https:\\\/\\\/pirates-of-paradise.com\\\/de\\\/shop\\\/trip\\\/2026\\\/sail-learn-1\\\/\",\"url\":\"https:\\\/\\\/pirates-of-paradise.com\\\/de\\\/shop\\\/trip\\\/2026\\\/sail-learn-1\\\/\",\"name\":\"Segeltrip Sail &amp; Learn 1 - Pirates of Paradise\",\"isPartOf\":{\"@id\":\"https:\\\/\\\/pirates-of-paradise.com\\\/de\\\/#website\"},\"primaryImageOfPage\":{\"@id\":\"https:\\\/\\\/pirates-of-paradise.com\\\/de\\\/shop\\\/trip\\\/2026\\\/sail-learn-1\\\/#primaryimage\"},\"image\":{\"@id\":\"https:\\\/\\\/pirates-of-paradise.com\\\/de\\\/shop\\\/trip\\\/2026\\\/sail-learn-1\\\/#primaryimage\"},\"thumbnailUrl\":\"https:\\\/\\\/pirates-of-paradise.com\\\/wp-content\\\/uploads\\\/2025\\\/08\\\/TIH4185-1.webp\",\"datePublished\":\"2025-08-26T17:54:06+00:00\",\"dateModified\":\"2026-04-10T08:14:50+00:00\",\"description\":\"Erlebe Segelreisen und lerne das Segeln mit Pirates of Paradise. Wir legen Wert auf echtes Segeln, offene Strecken, flexible Routen und praktisches Lernen auf See.\",\"breadcrumb\":{\"@id\":\"https:\\\/\\\/pirates-of-paradise.com\\\/de\\\/shop\\\/trip\\\/2026\\\/sail-learn-1\\\/#breadcrumb\"},\"inLanguage\":\"de\",\"potentialAction\":[{\"@type\":\"ReadAction\",\"target\":[\"https:\\\/\\\/pirates-of-paradise.com\\\/de\\\/shop\\\/trip\\\/2026\\\/sail-learn-1\\\/\"]}]},{\"@type\":\"ImageObject\",\"inLanguage\":\"de\",\"@id\":\"https:\\\/\\\/pirates-of-paradise.com\\\/de\\\/shop\\\/trip\\\/2026\\\/sail-learn-1\\\/#primaryimage\",\"url\":\"https:\\\/\\\/pirates-of-paradise.com\\\/wp-content\\\/uploads\\\/2025\\\/08\\\/TIH4185-1.webp\",\"contentUrl\":\"https:\\\/\\\/pirates-of-paradise.com\\\/wp-content\\\/uploads\\\/2025\\\/08\\\/TIH4185-1.webp\",\"width\":1500,\"height\":1000},{\"@type\":\"BreadcrumbList\",\"@id\":\"https:\\\/\\\/pirates-of-paradise.com\\\/de\\\/shop\\\/trip\\\/2026\\\/sail-learn-1\\\/#breadcrumb\",\"itemListElement\":[{\"@type\":\"ListItem\",\"position\":1,\"name\":\"Home\",\"item\":\"https:\\\/\\\/pirates-of-paradise.com\\\/de\\\/start\\\/\"},{\"@type\":\"ListItem\",\"position\":2,\"name\":\"Segeltrips\",\"item\":\"https:\\\/\\\/pirates-of-paradise.com\\\/de\\\/trips\\\/\"},{\"@type\":\"ListItem\",\"position\":3,\"name\":\"Sail &amp; Learn 1\"}]},{\"@type\":\"WebSite\",\"@id\":\"https:\\\/\\\/pirates-of-paradise.com\\\/de\\\/#website\",\"url\":\"https:\\\/\\\/pirates-of-paradise.com\\\/de\\\/\",\"name\":\"Pirates of Paradise\",\"description\":\"Small and familiar Sailing Trips\",\"publisher\":{\"@id\":\"https:\\\/\\\/pirates-of-paradise.com\\\/de\\\/#organization\"},\"alternateName\":\"pirates-of-paradise.com\",\"potentialAction\":[{\"@type\":\"SearchAction\",\"target\":{\"@type\":\"EntryPoint\",\"urlTemplate\":\"https:\\\/\\\/pirates-of-paradise.com\\\/de\\\/?s={search_term_string}\"},\"query-input\":{\"@type\":\"PropertyValueSpecification\",\"valueRequired\":true,\"valueName\":\"search_term_string\"}}],\"inLanguage\":\"de\"},{\"@type\":\"Organization\",\"@id\":\"https:\\\/\\\/pirates-of-paradise.com\\\/de\\\/#organization\",\"name\":\"Pirates of Paradise\",\"alternateName\":\"PoP\",\"url\":\"https:\\\/\\\/pirates-of-paradise.com\\\/de\\\/\",\"logo\":{\"@type\":\"ImageObject\",\"inLanguage\":\"de\",\"@id\":\"https:\\\/\\\/pirates-of-paradise.com\\\/de\\\/#\\\/schema\\\/logo\\\/image\\\/\",\"url\":\"https:\\\/\\\/pirates-of-paradise.com\\\/wp-content\\\/uploads\\\/2024\\\/08\\\/PoP-Favicon-1.png\",\"contentUrl\":\"https:\\\/\\\/pirates-of-paradise.com\\\/wp-content\\\/uploads\\\/2024\\\/08\\\/PoP-Favicon-1.png\",\"width\":512,\"height\":512,\"caption\":\"Pirates of Paradise\"},\"image\":{\"@id\":\"https:\\\/\\\/pirates-of-paradise.com\\\/de\\\/#\\\/schema\\\/logo\\\/image\\\/\"},\"sameAs\":[\"https:\\\/\\\/www.instagram.com\\\/piratesofparadise\\\/\",\"https:\\\/\\\/www.tiktok.com\\\/@piratesofparadise\"]}]}<\/script>\n<!-- \/ Yoast SEO plugin. -->","yoast_head_json":{"title":"Segeltrip Sail &amp; Learn 1 - Pirates of Paradise","description":"Erlebe Segelreisen und lerne das Segeln mit Pirates of Paradise. Wir legen Wert auf echtes Segeln, offene Strecken, flexible Routen und praktisches Lernen auf See.","robots":{"index":"index","follow":"follow","max-snippet":"max-snippet:-1","max-image-preview":"max-image-preview:large","max-video-preview":"max-video-preview:-1"},"canonical":"https:\/\/pirates-of-paradise.com\/de\/shop\/trip\/2026\/sail-learn-1\/","og_locale":"de_DE","og_type":"article","og_title":"Segeltrip Sail &amp; Learn 1 - Pirates of Paradise","og_description":"Erlebe Segelreisen und lerne das Segeln mit Pirates of Paradise. Wir legen Wert auf echtes Segeln, offene Strecken, flexible Routen und praktisches Lernen auf See.","og_url":"https:\/\/pirates-of-paradise.com\/de\/shop\/trip\/2026\/sail-learn-1\/","og_site_name":"Pirates of Paradise","article_modified_time":"2026-04-10T08:14:50+00:00","og_image":[{"width":1500,"height":1000,"url":"https:\/\/pirates-of-paradise.com\/wp-content\/uploads\/2025\/08\/TIH4185-1.webp","type":"image\/webp"}],"twitter_card":"summary_large_image","twitter_misc":{"Gesch\u00e4tzte Lesezeit":"1\u00a0Minute"},"schema":{"@context":"https:\/\/schema.org","@graph":[{"@type":"WebPage","@id":"https:\/\/pirates-of-paradise.com\/de\/shop\/trip\/2026\/sail-learn-1\/","url":"https:\/\/pirates-of-paradise.com\/de\/shop\/trip\/2026\/sail-learn-1\/","name":"Segeltrip Sail &amp; Learn 1 - Pirates of Paradise","isPartOf":{"@id":"https:\/\/pirates-of-paradise.com\/de\/#website"},"primaryImageOfPage":{"@id":"https:\/\/pirates-of-paradise.com\/de\/shop\/trip\/2026\/sail-learn-1\/#primaryimage"},"image":{"@id":"https:\/\/pirates-of-paradise.com\/de\/shop\/trip\/2026\/sail-learn-1\/#primaryimage"},"thumbnailUrl":"https:\/\/pirates-of-paradise.com\/wp-content\/uploads\/2025\/08\/TIH4185-1.webp","datePublished":"2025-08-26T17:54:06+00:00","dateModified":"2026-04-10T08:14:50+00:00","description":"Erlebe Segelreisen und lerne das Segeln mit Pirates of Paradise. Wir legen Wert auf echtes Segeln, offene Strecken, flexible Routen und praktisches Lernen auf See.","breadcrumb":{"@id":"https:\/\/pirates-of-paradise.com\/de\/shop\/trip\/2026\/sail-learn-1\/#breadcrumb"},"inLanguage":"de","potentialAction":[{"@type":"ReadAction","target":["https:\/\/pirates-of-paradise.com\/de\/shop\/trip\/2026\/sail-learn-1\/"]}]},{"@type":"ImageObject","inLanguage":"de","@id":"https:\/\/pirates-of-paradise.com\/de\/shop\/trip\/2026\/sail-learn-1\/#primaryimage","url":"https:\/\/pirates-of-paradise.com\/wp-content\/uploads\/2025\/08\/TIH4185-1.webp","contentUrl":"https:\/\/pirates-of-paradise.com\/wp-content\/uploads\/2025\/08\/TIH4185-1.webp","width":1500,"height":1000},{"@type":"BreadcrumbList","@id":"https:\/\/pirates-of-paradise.com\/de\/shop\/trip\/2026\/sail-learn-1\/#breadcrumb","itemListElement":[{"@type":"ListItem","position":1,"name":"Home","item":"https:\/\/pirates-of-paradise.com\/de\/start\/"},{"@type":"ListItem","position":2,"name":"Segeltrips","item":"https:\/\/pirates-of-paradise.com\/de\/trips\/"},{"@type":"ListItem","position":3,"name":"Sail &amp; Learn 1"}]},{"@type":"WebSite","@id":"https:\/\/pirates-of-paradise.com\/de\/#website","url":"https:\/\/pirates-of-paradise.com\/de\/","name":"Pirates of Paradise","description":"Small and familiar Sailing Trips","publisher":{"@id":"https:\/\/pirates-of-paradise.com\/de\/#organization"},"alternateName":"pirates-of-paradise.com","potentialAction":[{"@type":"SearchAction","target":{"@type":"EntryPoint","urlTemplate":"https:\/\/pirates-of-paradise.com\/de\/?s={search_term_string}"},"query-input":{"@type":"PropertyValueSpecification","valueRequired":true,"valueName":"search_term_string"}}],"inLanguage":"de"},{"@type":"Organization","@id":"https:\/\/pirates-of-paradise.com\/de\/#organization","name":"Pirates of Paradise","alternateName":"PoP","url":"https:\/\/pirates-of-paradise.com\/de\/","logo":{"@type":"ImageObject","inLanguage":"de","@id":"https:\/\/pirates-of-paradise.com\/de\/#\/schema\/logo\/image\/","url":"https:\/\/pirates-of-paradise.com\/wp-content\/uploads\/2024\/08\/PoP-Favicon-1.png","contentUrl":"https:\/\/pirates-of-paradise.com\/wp-content\/uploads\/2024\/08\/PoP-Favicon-1.png","width":512,"height":512,"caption":"Pirates of Paradise"},"image":{"@id":"https:\/\/pirates-of-paradise.com\/de\/#\/schema\/logo\/image\/"},"sameAs":["https:\/\/www.instagram.com\/piratesofparadise\/","https:\/\/www.tiktok.com\/@piratesofparadise"]}]}},"_links":{"self":[{"href":"https:\/\/pirates-of-paradise.com\/de\/wp-json\/wp\/v2\/product\/26508","targetHints":{"allow":["GET"]}}],"collection":[{"href":"https:\/\/pirates-of-paradise.com\/de\/wp-json\/wp\/v2\/product"}],"about":[{"href":"https:\/\/pirates-of-paradise.com\/de\/wp-json\/wp\/v2\/types\/product"}],"author":[{"embeddable":true,"href":"https:\/\/pirates-of-paradise.com\/de\/wp-json\/wp\/v2\/users\/1"}],"version-history":[{"count":1,"href":"https:\/\/pirates-of-paradise.com\/de\/wp-json\/wp\/v2\/product\/26508\/revisions"}],"predecessor-version":[{"id":28423,"href":"https:\/\/pirates-of-paradise.com\/de\/wp-json\/wp\/v2\/product\/26508\/revisions\/28423"}],"wp:featuredmedia":[{"embeddable":true,"href":"https:\/\/pirates-of-paradise.com\/de\/wp-json\/wp\/v2\/media\/26232"}],"wp:attachment":[{"href":"https:\/\/pirates-of-paradise.com\/de\/wp-json\/wp\/v2\/media?parent=26508"}],"wp:term":[{"taxonomy":"activity","embeddable":true,"href":"https:\/\/pirates-of-paradise.com\/de\/wp-json\/wp\/v2\/activity?post=26508"},{"taxonomy":"airport","embeddable":true,"href":"https:\/\/pirates-of-paradise.com\/de\/wp-json\/wp\/v2\/airport?post=26508"},{"taxonomy":"destination","embeddable":true,"href":"https:\/\/pirates-of-paradise.com\/de\/wp-json\/wp\/v2\/destination?post=26508"},{"taxonomy":"highlight","embeddable":true,"href":"https:\/\/pirates-of-paradise.com\/de\/wp-json\/wp\/v2\/highlight?post=26508"},{"taxonomy":"route","embeddable":true,"href":"https:\/\/pirates-of-paradise.com\/de\/wp-json\/wp\/v2\/route?post=26508"},{"taxonomy":"product_brand","embeddable":true,"href":"https:\/\/pirates-of-paradise.com\/de\/wp-json\/wp\/v2\/product_brand?post=26508"},{"taxonomy":"product_cat","embeddable":true,"href":"https:\/\/pirates-of-paradise.com\/de\/wp-json\/wp\/v2\/product_cat?post=26508"},{"taxonomy":"product_tag","embeddable":true,"href":"https:\/\/pirates-of-paradise.com\/de\/wp-json\/wp\/v2\/product_tag?post=26508"}],"curies":[{"name":"wp","href":"https:\/\/api.w.org\/{rel}","templated":true}]}}